{"id":28,"date":"2025-11-11T17:08:53","date_gmt":"2025-11-11T17:08:53","guid":{"rendered":"https:\/\/www.schwimmschulestraubing.app4u.de\/?page_id=28"},"modified":"2025-11-11T17:14:35","modified_gmt":"2025-11-11T17:14:35","slug":"impressum","status":"publish","type":"page","link":"https:\/\/www.schwimmschulestraubing.app4u.de\/index.php\/impressum\/","title":{"rendered":"Impressum"},"content":{"rendered":"\n<p><\/p>\n\n\n\n<p><strong>Verein<\/strong><br>Schimmverein Straubing e.V.<br>Markus Schuirer<br>Hauptstra\u00dfe 42<br>94330 Aiterhofen<\/p>\n\n\n\n<p><strong>Vereinsregister \/ Registernummer<\/strong><br>Registergericht Straubing<br>VR 67<br><br><strong>Webmaster<\/strong><br>Dipl.Inf. (FH) Manfred Wagner<br>Waltersdorf 15<br>943217 Bogen<br>http:\/\/www.app4u.de<br><br><br><strong>Rechtlicher Hinweis<\/strong><br><br>Mit Urteil vom 12. Mai 1998 hat das Landgericht Hamburg entschieden, dass man durch die Ausbringung eines Links die Inhalte der gelinkten Seite ggf. mit zu verantworten hat. Dies kann &#8211; so das LG &#8211; nur dadurch verhindert werden, dass man sich ausdr\u00fccklich von diesen Inhalten distanziert.<br><br>Wir haben auf diesen Seiten Links zu anderen Seiten im Internet gelegt.<br><br>F\u00fcr all diese Links gilt:<br>Wir m\u00f6chten ausdr\u00fccklich betonen, dass wir keinerlei Einflu\u00df auf die Gestaltung und die Inhalte der gelinkten Seiten haben. Deshalb distanzieren wir uns hiermit ausdr\u00fccklich von allen Inhalten der gelinkten Seiten auf dieser Homepage. Diese Erkl\u00e4rung gilt f\u00fcr alle auf useren Seiten angebrachten Verweise.<\/p>\n","protected":false},"excerpt":{"rendered":"<p>VereinSchimmverein Straubing e.V.Markus SchuirerHauptstra\u00dfe 4294330 Aiterhofen Vereinsregister \/ RegisternummerRegistergericht StraubingVR 67 WebmasterDipl.Inf. (FH) Manfred WagnerWaltersdorf 15943217 Bogenhttp:\/\/www.app4u.de Rechtlicher Hinweis Mit Urteil vom 12. Mai 1998 hat das Landgericht Hamburg entschieden, dass man durch die Ausbringung eines Links die Inhalte der gelinkten Seite ggf. mit zu verantworten hat. Dies kann &#8211; so das LG &#8211; nur&#8230;<\/p>\n","protected":false},"author":1,"featured_media":0,"parent":0,"menu_order":0,"comment_status":"closed","ping_status":"closed","template":"","meta":{"_kad_post_transparent":"","_kad_post_title":"","_kad_post_layout":"","_kad_post_sidebar_id":"","_kad_post_content_style":"","_kad_post_vertical_padding":"","_kad_post_feature":"","_kad_post_feature_position":"","_kad_post_header":false,"_kad_post_footer":false,"footnotes":""},"class_list":["post-28","page","type-page","status-publish","hentry"],"yoast_head":"<!-- This site is optimized with the Yoast SEO plugin v26.3 - https:\/\/yoast.com\/wordpress\/plugins\/seo\/ -->\n<title>Impressum - Schwimmschule Straubing<\/title>\n<meta name=\"robots\" content=\"index, follow, max-snippet:-1, max-image-preview:large, max-video-preview:-1\" \/>\n<link rel=\"canonical\" href=\"https:\/\/www.schwimmschulestraubing.app4u.de\/index.php\/impressum\/\" \/>\n<meta property=\"og:locale\" content=\"de_DE\" \/>\n<meta property=\"og:type\" content=\"article\" \/>\n<meta property=\"og:title\" content=\"Impressum - Schwimmschule Straubing\" \/>\n<meta property=\"og:description\" content=\"VereinSchimmverein Straubing e.V.Markus SchuirerHauptstra\u00dfe 4294330 Aiterhofen Vereinsregister \/ RegisternummerRegistergericht StraubingVR 67 WebmasterDipl.Inf. (FH) Manfred WagnerWaltersdorf 15943217 Bogenhttp:\/\/www.app4u.de Rechtlicher Hinweis Mit Urteil vom 12. Mai 1998 hat das Landgericht Hamburg entschieden, dass man durch die Ausbringung eines Links die Inhalte der gelinkten Seite ggf. mit zu verantworten hat. Dies kann &#8211; so das LG &#8211; nur...\" \/>\n<meta property=\"og:url\" content=\"https:\/\/www.schwimmschulestraubing.app4u.de\/index.php\/impressum\/\" \/>\n<meta property=\"og:site_name\" content=\"Schwimmschule Straubing\" \/>\n<meta property=\"article:modified_time\" content=\"2025-11-11T17:14:35+00:00\" \/>\n<meta name=\"twitter:card\" content=\"summary_large_image\" \/>\n<meta name=\"twitter:label1\" content=\"Gesch\u00e4tzte Lesezeit\" \/>\n\t<meta name=\"twitter:data1\" content=\"1\u00a0Minute\" \/>\n<script type=\"application\/ld+json\" class=\"yoast-schema-graph\">{\"@context\":\"https:\/\/schema.org\",\"@graph\":[{\"@type\":\"WebPage\",\"@id\":\"https:\/\/www.schwimmschulestraubing.app4u.de\/index.php\/impressum\/\",\"url\":\"https:\/\/www.schwimmschulestraubing.app4u.de\/index.php\/impressum\/\",\"name\":\"Impressum - Schwimmschule Straubing\",\"isPartOf\":{\"@id\":\"https:\/\/www.schwimmschulestraubing.app4u.de\/#website\"},\"datePublished\":\"2025-11-11T17:08:53+00:00\",\"dateModified\":\"2025-11-11T17:14:35+00:00\",\"breadcrumb\":{\"@id\":\"https:\/\/www.schwimmschulestraubing.app4u.de\/index.php\/impressum\/#breadcrumb\"},\"inLanguage\":\"de\",\"potentialAction\":[{\"@type\":\"ReadAction\",\"target\":[\"https:\/\/www.schwimmschulestraubing.app4u.de\/index.php\/impressum\/\"]}]},{\"@type\":\"BreadcrumbList\",\"@id\":\"https:\/\/www.schwimmschulestraubing.app4u.de\/index.php\/impressum\/#breadcrumb\",\"itemListElement\":[{\"@type\":\"ListItem\",\"position\":1,\"name\":\"Startseite\",\"item\":\"https:\/\/www.schwimmschulestraubing.app4u.de\/\"},{\"@type\":\"ListItem\",\"position\":2,\"name\":\"Impressum\"}]},{\"@type\":\"WebSite\",\"@id\":\"https:\/\/www.schwimmschulestraubing.app4u.de\/#website\",\"url\":\"https:\/\/www.schwimmschulestraubing.app4u.de\/\",\"name\":\"Schwimmschule Straubing\",\"description\":\"\",\"publisher\":{\"@id\":\"https:\/\/www.schwimmschulestraubing.app4u.de\/#organization\"},\"potentialAction\":[{\"@type\":\"SearchAction\",\"target\":{\"@type\":\"EntryPoint\",\"urlTemplate\":\"https:\/\/www.schwimmschulestraubing.app4u.de\/?s={search_term_string}\"},\"query-input\":{\"@type\":\"PropertyValueSpecification\",\"valueRequired\":true,\"valueName\":\"search_term_string\"}}],\"inLanguage\":\"de\"},{\"@type\":\"Organization\",\"@id\":\"https:\/\/www.schwimmschulestraubing.app4u.de\/#organization\",\"name\":\"Schwimmschule Straubing\",\"url\":\"https:\/\/www.schwimmschulestraubing.app4u.de\/\",\"logo\":{\"@type\":\"ImageObject\",\"inLanguage\":\"de\",\"@id\":\"https:\/\/www.schwimmschulestraubing.app4u.de\/#\/schema\/logo\/image\/\",\"url\":\"https:\/\/www.schwimmschulestraubing.app4u.de\/wp-content\/uploads\/2025\/10\/cropped-Logo-delphin.jpg\",\"contentUrl\":\"https:\/\/www.schwimmschulestraubing.app4u.de\/wp-content\/uploads\/2025\/10\/cropped-Logo-delphin.jpg\",\"width\":805,\"height\":389,\"caption\":\"Schwimmschule Straubing\"},\"image\":{\"@id\":\"https:\/\/www.schwimmschulestraubing.app4u.de\/#\/schema\/logo\/image\/\"}}]}<\/script>\n<!-- \/ Yoast SEO plugin. -->","yoast_head_json":{"title":"Impressum - Schwimmschule Straubing","robots":{"index":"index","follow":"follow","max-snippet":"max-snippet:-1","max-image-preview":"max-image-preview:large","max-video-preview":"max-video-preview:-1"},"canonical":"https:\/\/www.schwimmschulestraubing.app4u.de\/index.php\/impressum\/","og_locale":"de_DE","og_type":"article","og_title":"Impressum - Schwimmschule Straubing","og_description":"VereinSchimmverein Straubing e.V.Markus SchuirerHauptstra\u00dfe 4294330 Aiterhofen Vereinsregister \/ RegisternummerRegistergericht StraubingVR 67 WebmasterDipl.Inf. (FH) Manfred WagnerWaltersdorf 15943217 Bogenhttp:\/\/www.app4u.de Rechtlicher Hinweis Mit Urteil vom 12. Mai 1998 hat das Landgericht Hamburg entschieden, dass man durch die Ausbringung eines Links die Inhalte der gelinkten Seite ggf. mit zu verantworten hat. Dies kann &#8211; so das LG &#8211; nur...","og_url":"https:\/\/www.schwimmschulestraubing.app4u.de\/index.php\/impressum\/","og_site_name":"Schwimmschule Straubing","article_modified_time":"2025-11-11T17:14:35+00:00","twitter_card":"summary_large_image","twitter_misc":{"Gesch\u00e4tzte Lesezeit":"1\u00a0Minute"},"schema":{"@context":"https:\/\/schema.org","@graph":[{"@type":"WebPage","@id":"https:\/\/www.schwimmschulestraubing.app4u.de\/index.php\/impressum\/","url":"https:\/\/www.schwimmschulestraubing.app4u.de\/index.php\/impressum\/","name":"Impressum - Schwimmschule Straubing","isPartOf":{"@id":"https:\/\/www.schwimmschulestraubing.app4u.de\/#website"},"datePublished":"2025-11-11T17:08:53+00:00","dateModified":"2025-11-11T17:14:35+00:00","breadcrumb":{"@id":"https:\/\/www.schwimmschulestraubing.app4u.de\/index.php\/impressum\/#breadcrumb"},"inLanguage":"de","potentialAction":[{"@type":"ReadAction","target":["https:\/\/www.schwimmschulestraubing.app4u.de\/index.php\/impressum\/"]}]},{"@type":"BreadcrumbList","@id":"https:\/\/www.schwimmschulestraubing.app4u.de\/index.php\/impressum\/#breadcrumb","itemListElement":[{"@type":"ListItem","position":1,"name":"Startseite","item":"https:\/\/www.schwimmschulestraubing.app4u.de\/"},{"@type":"ListItem","position":2,"name":"Impressum"}]},{"@type":"WebSite","@id":"https:\/\/www.schwimmschulestraubing.app4u.de\/#website","url":"https:\/\/www.schwimmschulestraubing.app4u.de\/","name":"Schwimmschule Straubing","description":"","publisher":{"@id":"https:\/\/www.schwimmschulestraubing.app4u.de\/#organization"},"potentialAction":[{"@type":"SearchAction","target":{"@type":"EntryPoint","urlTemplate":"https:\/\/www.schwimmschulestraubing.app4u.de\/?s={search_term_string}"},"query-input":{"@type":"PropertyValueSpecification","valueRequired":true,"valueName":"search_term_string"}}],"inLanguage":"de"},{"@type":"Organization","@id":"https:\/\/www.schwimmschulestraubing.app4u.de\/#organization","name":"Schwimmschule Straubing","url":"https:\/\/www.schwimmschulestraubing.app4u.de\/","logo":{"@type":"ImageObject","inLanguage":"de","@id":"https:\/\/www.schwimmschulestraubing.app4u.de\/#\/schema\/logo\/image\/","url":"https:\/\/www.schwimmschulestraubing.app4u.de\/wp-content\/uploads\/2025\/10\/cropped-Logo-delphin.jpg","contentUrl":"https:\/\/www.schwimmschulestraubing.app4u.de\/wp-content\/uploads\/2025\/10\/cropped-Logo-delphin.jpg","width":805,"height":389,"caption":"Schwimmschule Straubing"},"image":{"@id":"https:\/\/www.schwimmschulestraubing.app4u.de\/#\/schema\/logo\/image\/"}}]}},"jetpack_sharing_enabled":true,"_links":{"self":[{"href":"https:\/\/www.schwimmschulestraubing.app4u.de\/index.php\/wp-json\/wp\/v2\/pages\/28","targetHints":{"allow":["GET"]}}],"collection":[{"href":"https:\/\/www.schwimmschulestraubing.app4u.de\/index.php\/wp-json\/wp\/v2\/pages"}],"about":[{"href":"https:\/\/www.schwimmschulestraubing.app4u.de\/index.php\/wp-json\/wp\/v2\/types\/page"}],"author":[{"embeddable":true,"href":"https:\/\/www.schwimmschulestraubing.app4u.de\/index.php\/wp-json\/wp\/v2\/users\/1"}],"replies":[{"embeddable":true,"href":"https:\/\/www.schwimmschulestraubing.app4u.de\/index.php\/wp-json\/wp\/v2\/comments?post=28"}],"version-history":[{"count":2,"href":"https:\/\/www.schwimmschulestraubing.app4u.de\/index.php\/wp-json\/wp\/v2\/pages\/28\/revisions"}],"predecessor-version":[{"id":32,"href":"https:\/\/www.schwimmschulestraubing.app4u.de\/index.php\/wp-json\/wp\/v2\/pages\/28\/revisions\/32"}],"wp:attachment":[{"href":"https:\/\/www.schwimmschulestraubing.app4u.de\/index.php\/wp-json\/wp\/v2\/media?parent=28"}],"curies":[{"name":"wp","href":"https:\/\/api.w.org\/{rel}","templated":true}]}}